{"id":3,"date":"2023-11-16T06:33:20","date_gmt":"2023-11-16T05:33:20","guid":{"rendered":"https:\/\/marialerivero.com\/?page_id=3"},"modified":"2023-11-21T04:48:23","modified_gmt":"2023-11-21T03:48:23","slug":"politica-privacidad","status":"publish","type":"page","link":"https:\/\/marialerivero.com\/en\/politica-privacidad\/","title":{"rendered":"Privacy Policy"},"content":{"rendered":"<div data-elementor-type=\"wp-page\" data-elementor-id=\"3\" class=\"elementor elementor-3\" data-elementor-post-type=\"page\">\n\t\t\t\t<div class=\"elementor-element elementor-element-ef04224 e-flex e-con-boxed e-con e-parent\" data-id=\"ef04224\" data-element_type=\"container\" data-e-type=\"container\" data-settings=\"{&quot;background_background&quot;:&quot;classic&quot;}\">\n\t\t\t\t\t<div class=\"e-con-inner\">\n\t\t\t\t<div class=\"elementor-element elementor-element-c347f6d elementor-widget elementor-widget-heading\" data-id=\"c347f6d\" data-element_type=\"widget\" data-e-type=\"widget\" data-widget_type=\"heading.default\">\n\t\t\t\t<div class=\"elementor-widget-container\">\n\t\t\t\t\t<h2 class=\"elementor-heading-title elementor-size-default\">Privacy Policy<\/h2>\t\t\t\t<\/div>\n\t\t\t\t<\/div>\n\t\t\t\t\t<\/div>\n\t\t\t\t<\/div>\n\t\t<div class=\"elementor-element elementor-element-34f0a151 e-flex e-con-boxed e-con e-parent\" data-id=\"34f0a151\" data-element_type=\"container\" data-e-type=\"container\">\n\t\t\t\t\t<div class=\"e-con-inner\">\n\t\t\t\t<div class=\"elementor-element elementor-element-f29cac3 elementor-widget elementor-widget-text-editor\" data-id=\"f29cac3\" data-element_type=\"widget\" data-e-type=\"widget\" data-widget_type=\"text-editor.default\">\n\t\t\t\t<div class=\"elementor-widget-container\">\n\t\t\t\t\t\t\t\t\t\n<h2 class=\"wp-block-heading\">About us<\/h2>\n\n<p class=\"translation-block\">Our website address is:\u00a0<a href=\"https:\/\/marialerivero.com\/en\/\" target=\"_self\">https:\/\/marialerivero.com\/<\/a><\/p>\n\n<h2 class=\"wp-block-heading\">Comments<\/h2>\n\n<p>When visitors leave comments on the site we collect the data shown in the comments form, and also the visitor's IP address and browser user agent string to help spam detection.<\/p>\n<p class=\"translation-block\">At <strong>Mariale Rivero <\/strong>we treat personal data with respect and sensitivity.<\/p>\n<p>This privacy policy, together with the legal notice, cookie policy, sales policy, terms and conditions, and any other policy referred to, identifies how personal data received on this website is collected and processed.<\/p>\n\n<h2 class=\"ticss-2ed9a4dd wp-block-heading\">Applicant details\u00a0<\/h2>\n<p>As stated in current regulations, we inform you that:<\/p>\n<p class=\"translation-block\">The corporate name of the person responsible for this website is: <a href=\"https:\/\/marialerivero.com\/en\/\" target=\"_self\">https:\/\/marialerivero.com\/<\/a> <strong> <\/strong>For the purposes of this legal notice and terms of use, it will be understood from now on as\u00a0<strong>Mariale Rivero.<\/strong><\/p>\n<p>Its registered office is located in: Dallas Texas, United States of America.<\/p>\n<p class=\"translation-block\">You can contact him at Email:\u00a0<a href=\"mailto:legal@marialerivero.com\" target=\"_self\">legal@marialerivero.com<\/a>.<\/p>\n<p>His social activity is:<\/p>\n<p><strong>Data requested on the website and purpose of processing.<\/strong><\/p>\n<ul>\n<li class=\"translation-block\"><strong>Name, surname and email in the contact forms:<\/strong>to make any direct contact with <strong>Mariale Rivero<\/strong>, whether to raise questions, comments, suggestions, request a service or product , or any other information. Failure to provide the minimum necessary personal data will make it impossible for Mariale Rivero to respond to the request.<\/li>\n<li class=\"translation-block\"><strong>Name, email:<\/strong>to be able to comment on the website blog.<\/li>\n<li class=\"translation-block\"><strong>Name, surname, address, telephone number, email, tax identification number:\u00a0<\/strong>This information will be requested at the time of payment for the service to process everything related to the client.<\/li>\n<li class=\"translation-block\"><strong>Name, telephone number and email for newsletter:<\/strong>With the due express and voluntary consent of the data owner, the minimum information necessary to send an automated commercial newsletter will be requested on the website, where information will be provided on advertising, promotions and other information about the services and\/or products offered by <strong>Mariale Rivero<\/strong><\/li>\n<li class=\"translation-block\"><strong>Email:<\/strong>The email address will be requested to access the customer area, according to the data provided at the time of creating the account.<\/li>\n<\/ul>\n<p>\u00a0<\/p>\n<p class=\"translation-block\"><strong>Mariale Rivero <\/strong>will at all times ensure that the use given to the website, the contents, and the processing of the user's personal data are carried out in the most correct way. To this end, the user may always exercise their rights of access, rectification, limitation, cancellation, portability, oblivion or opposition, all in faithful compliance with the guidelines of the laws that govern the matter, by writing to <a href=\"mailto:legal@marialerivero.com\" target=\"_self\">legal@marialerivero.com<\/a>.<\/p>\n<p class=\"translation-block\"><strong>MarialeRivero <\/strong>does not sell, will not sell users' personal data to other companies or third parties.<\/p>\n<p class=\"translation-block\"><strong>Mariale Rivero<\/strong>\u00a0will share the data it has with third parties, only to fulfill the services contracted by a user, send the newsletter, comply with legal requirements or for the administration of the website. For this purpose, appropriate confidentiality agreements will be provided between the parties.<\/p>\n<p class=\"translation-block\">The links to third parties that can be found on the website have privacy policies outside of <strong>Mariale Rivero<\/strong>. Access to these sites must be the responsibility of the user, it being their responsibility to know them and their decision to accept them or not.<\/p>\n<h2 class=\"wp-block-heading\">Form<\/h2>\n<p>The website has 2 types of forms:<\/p>\n<p><strong>De contacto:\u00a0<\/strong>el usuario, cliente o participantepodr\u00e1 encontrar formularios que facilitar\u00e1n la comunicaci\u00f3n con\u00a0<strong>Mariale Rivero<\/strong>\u00a0para plantear dudas, comentarios, solicitar un presupuesto, reservar alguno de los servicios ofrecidos en el sitio web o exigir alg\u00fan derecho que tenga. No suministrar los datos personales m\u00ednimos necesarios imposibilitar\u00e1 a\u00a0<strong>Mariale Rivero<\/strong><strong>\u00a0<\/strong>responder a la petici\u00f3n. Este tratamiento se considerar\u00e1 leg\u00edtimo por ser parte de una diligencia pre-contractual. El servidor del sitio web y del correo electr\u00f3nico de\u00a0<strong>Mariale Rivero\u00a0<\/strong><strong>\u00a0<\/strong>ser\u00e1n los encargados de las asesoria de los taxes.<\/p>\n<p class=\"translation-block\"><strong>Advertising:<\/strong> Users, buyers or participants will be asked for their express and voluntary consent to provide <strong>Mariale Rivero <\/strong> with the minimum data necessary to send advertising and commercial information related to the products. services and\/or products offered by <strong>Mariale Rivero<\/strong>, to be added to an automated <em>email marketing<\/em> file managed by the data processor indicated below. The processing of personal data found in this section has been done with the consent of the data owner.<\/p>\n<p class=\"translation-block\"><strong>To process the service request:<\/strong>Users, clients or participants will be asked for their data so that <strong>Mariale Rivero<\/strong> can process the services requested by the client. Legitimate processing of personal data due to the contractual relationship that exists with the client or participant. The data will be saved on the website server.<\/p>\n<h2 class=\"wp-block-heading\">Cookies<\/h2>\n<p>If you leave a comment on our site, you may choose to save your name, email address and website in cookies. These are for your convenience so that you do not have to fill in your details again when you leave another comment. These cookies will last for one year.<\/p>\n<h2>\u00bfCu\u00e1nto tiempo conservaremos tus datos?<\/h2>\n<p>Si deja un comentario, el comentario y sus metadatos se conservan indefinidamente. Esto es para que podamos reconocer y aprobar cualquier comentario de seguimiento autom\u00e1ticamente en lugar de mantenerlos en una cola de moderaci\u00f3n.<\/p>\n<p>For users who register on our website, we also store the personal information they provide in their user profile. All users can view, edit or delete their personal information at any time. Website administrators can also view and edit that information.<\/p>\n<h2>What rights do you have over your data?<\/h2>\n<p>If you have an account on this site or have left comments, you can request to receive an exported file of the personal data we hold about you, including any data you have provided to us. You can also request that we delete any personal data we have about you. This does not include any data that we are required to retain for administrative, legal or security purposes.<\/p>\n<h2>Where is your data sent?<\/h2>\n<p>Visitor comments may be reviewed by an automatic spam detection service.<\/p>\n<h2><strong>Treatment Manager<\/strong><\/h2>\n<p class=\"translation-block\"><strong>Mariale Rivero <\/strong>needs the support of third parties to adequately offer its services and products, with which it enters into appropriate confidentiality agreements and verifies compliance with regulations on the protection of personal data.<\/p>\n<p>The data provided to these third parties may not be used for other purposes not authorized by the data owner.<\/p>\n<p>In compliance with the principles of information and transparency, it is made known that these third parties are:<\/p>\n<p>\u2022 Facebook: Tool used as a social network and for the purposes of connecting with the data owner. The service is provided by the company Facebook Ireland Ltd., its servers are in the United States of America. This tool also handles advertising that can be carried out on WhatsApp and\/or Instagram, as well as the analysis of data and statistics for possible segmentation of advertising.<\/p>\n<p>\u2022 Google: sponsored advertising system (ADS), web analysis service, to view website usage statistics (Analytics) and tag management system (Tag Manager). These services are provided by the company Google LLC, located in Mountain View, California, United States of America. If you want more information about their privacy policy, you can consult: https:\/\/policies.google.com\/privacy<\/p>\n<p>\u2022 Instagram: Social network and application for uploading photos and videos whose owner is the company Facebook Inc., which is located at 1601 Willow Road Menlo Park, CA 94025, United States of America. If you are outside the United States of America, the data controller responsible for the information is Facebook Ireland Ltd., which is located at 4 Grand Canal Square Grand Canal Harbour, Dublin 2, Ireland. For more information about the privacy policy, go to: https:\/\/help.instagram.com\/155833707900388<\/p>\n<p>\u2022 Facebook pixel: analysis tool for advertising, used to understand the actions of data owners on this website. This service is provided by Facebook, Inc., which is located at 1601 Willow Road Menlo Park, CA 94025, United States of America. If you are outside the United States of America or Canada, the data controller responsible for the information is Facebook Ireland Ltd., which is located at 4 Grand Canal Square Grand Canal Harbour, Dublin 2, Ireland. For more information about the privacy policy, visit https:\/\/www.facebook.com\/privacy\/explanation<\/p>\n<p>\u2022 TikTok: Social network and video uploading application owned by the company TikTok Technology Limited located at 10 Earlsfort Terrace, Dublin, D02 T380, Ireland. For users in the United States of America: TikTok Information Technologies UK Limited, WeWork, 125 Kingsway, London, WC2B 6NH, United Kingdom. For more information about the privacy policy, go to: https:\/\/www.tiktok.com\/legal\/privacy-policy?lang=es<\/p>\n<p>\u2022 WhatsApp: Tool used for communication with users, buyers, clients and participants through the company WhatsApp Ireland Limited (for those located in Europe), you can contact us through the link https:\/\/www.whatsapp. com\/contact\/?subject=messenger and its privacy policy can be seen at https:\/\/www.whatsapp.com\/legal?eea=1#privacy-policy<\/p>\n<h2><strong>Pol\u00edticas relacionas con el newsletter<\/strong><\/h2>\n<p>These policies will be understood at all times as a complementary part of the terms and conditions set out on the website, both being of equal application at the time of a dispute. The privacy and intellectual property policy applied will be the same as that set out in the terms and conditions of the website.<\/p>\n<p class=\"translation-block\">A \u201cnewsletter\u201d will be understood as the digital bulletin that Mariale Rivero publishes periodically and that she sends to her subscribers through an external email service provider, which the user has subscribed voluntarily.<\/p>\n<p class=\"translation-block\"><strong>Mariale Rivero <\/strong> is under no obligation to send the newsletter in defined periods of time, so you are completely free to do so whenever you deem appropriate. The user may at any time exercise their rights of access, rectification, cancellation or opposition by following the instructions that they will find in the footer of the newsletter.<\/p>\n<p class=\"translation-block\">The user must not share their content with third parties, as this would violate the copyright of <strong>Mariale Rivero <\/strong> The only possible distribution channel is the one managed and\/or authorized by <strong>Mariale Rivero <\/strong>.<\/p>\n<p class=\"translation-block\"><strong>Mariale Rivero <\/strong> will not be responsible for the content of third parties exposed in the newsletter, any controversy that arises must be dealt with directly with the person or company mentioned. All material that is exposed in The newsletter is protected by copyright in favor of <strong>Mariale Rivero <\/strong>, and in the case of belonging to third parties, it will be understood that <strong>Mariale Rivero <\/strong> has the proper authorization to use it as stated. has agreed with the author.<\/p>\n<h2><strong>Resident in Dallas Texas, USA.<\/strong><\/h2>\n<p class=\"translation-block\"><strong>Mariale Rivero\u00a0\u00a0<\/strong>complies with the TEXAS Consumer Privacy Act. Residents of Dallas, Texas, have the right to request that Mariale Rivero disclose what personal information she has collected, used, disclosed and sold during the 12-month period prior to receipt of such request. To exercise this right, as well as the right to delete or oppose the processing of their data, the user must write to legal<a href=\"mailto:legal@marialerivero.com\" target=\"_self\">@marialerivero.com<\/a>.<\/p>\n\t\t\t\t\t\t\t\t<\/div>\n\t\t\t\t<\/div>\n\t\t\t\t\t<\/div>\n\t\t\t\t<\/div>\n\t\t\t\t<\/div>","protected":false},"excerpt":{"rendered":"<p>Pol\u00edtica de privacidad Qui\u00e9nes somos La direcci\u00f3n de nuestro sitio web es:\u00a0https:\/\/marialerivero.com\/ Comentarios Cuando los visitantes dejan comentarios en el sitio, recopilamos los datos que se muestran en el formulario de comentarios, y tambi\u00e9n la direcci\u00f3n IP del visitante y la cadena del agente de usuario del navegador para ayudar a la detecci\u00f3n de spam. [&hellip;]<\/p>\n","protected":false},"author":1,"featured_media":0,"parent":0,"menu_order":0,"comment_status":"closed","ping_status":"open","template":"","meta":{"footnotes":""},"class_list":["post-3","page","type-page","status-publish","hentry"],"aioseo_notices":[],"_links":{"self":[{"href":"https:\/\/marialerivero.com\/en\/wp-json\/wp\/v2\/pages\/3","targetHints":{"allow":["GET"]}}],"collection":[{"href":"https:\/\/marialerivero.com\/en\/wp-json\/wp\/v2\/pages"}],"about":[{"href":"https:\/\/marialerivero.com\/en\/wp-json\/wp\/v2\/types\/page"}],"author":[{"embeddable":true,"href":"https:\/\/marialerivero.com\/en\/wp-json\/wp\/v2\/users\/1"}],"replies":[{"embeddable":true,"href":"https:\/\/marialerivero.com\/en\/wp-json\/wp\/v2\/comments?post=3"}],"version-history":[{"count":0,"href":"https:\/\/marialerivero.com\/en\/wp-json\/wp\/v2\/pages\/3\/revisions"}],"wp:attachment":[{"href":"https:\/\/marialerivero.com\/en\/wp-json\/wp\/v2\/media?parent=3"}],"curies":[{"name":"wp","href":"https:\/\/api.w.org\/{rel}","templated":true}]}}